{"id":283,"date":"2020-06-11T14:01:25","date_gmt":"2020-06-11T14:01:25","guid":{"rendered":"https:\/\/adax.nl\/?page_id=283"},"modified":"2021-11-26T15:58:45","modified_gmt":"2021-11-26T15:58:45","slug":"contact","status":"publish","type":"page","link":"https:\/\/adax.nl\/fr_be\/contact\/","title":{"rendered":"Contact"},"content":{"rendered":"<div data-elementor-type=\"wp-page\" data-elementor-id=\"283\" class=\"elementor elementor-283\">\n\t\t\t\t\t\t<section class=\"elementor-section elementor-top-section elementor-element elementor-element-1bc9bd2 elementor-section-boxed elementor-section-height-default elementor-section-height-default\" data-id=\"1bc9bd2\" data-element_type=\"section\">\n\t\t\t\t\t\t<div class=\"elementor-container elementor-column-gap-default\">\n\t\t\t\t\t<div class=\"elementor-column elementor-col-100 elementor-top-column elementor-element elementor-element-ed9a3bf\" data-id=\"ed9a3bf\" data-element_type=\"column\">\n\t\t\t<div class=\"elementor-widget-wrap elementor-element-populated\">\n\t\t\t\t\t\t<div class=\"elementor-element elementor-element-fe4411c elementor-widget elementor-widget-heading\" data-id=\"fe4411c\" data-element_type=\"widget\" data-widget_type=\"heading.default\">\n\t\t\t\t<div class=\"elementor-widget-container\">\n\t\t\t\t\t<h1 class=\"elementor-heading-title elementor-size-default\">Contact et informations<\/h1>\t\t\t\t<\/div>\n\t\t\t\t<\/div>\n\t\t\t\t\t<\/div>\n\t\t<\/div>\n\t\t\t\t\t<\/div>\n\t\t<\/section>\n\t\t\t\t<section class=\"elementor-section elementor-top-section elementor-element elementor-element-5fe02f3 elementor-section-boxed elementor-section-height-default elementor-section-height-default\" data-id=\"5fe02f3\" data-element_type=\"section\" data-settings=\"{&quot;background_background&quot;:&quot;classic&quot;}\">\n\t\t\t\t\t\t<div class=\"elementor-container elementor-column-gap-default\">\n\t\t\t\t\t<div class=\"elementor-column elementor-col-50 elementor-top-column elementor-element elementor-element-290ef1d\" data-id=\"290ef1d\" data-element_type=\"column\">\n\t\t\t<div class=\"elementor-widget-wrap elementor-element-populated\">\n\t\t\t\t\t\t<div class=\"elementor-element elementor-element-25e4010 elementor-widget elementor-widget-image\" data-id=\"25e4010\" data-element_type=\"widget\" data-widget_type=\"image.default\">\n\t\t\t\t<div class=\"elementor-widget-container\">\n\t\t\t\t\t\t\t\t\t\t\t\t\t\t\t<img fetchpriority=\"high\" decoding=\"async\" width=\"768\" height=\"768\" src=\"https:\/\/adax.nl\/wp-content\/uploads\/2020\/04\/Adax-Neo-WiFi.jpg\" class=\"attachment-full size-full wp-image-95\" alt=\"Adax Neo Wifi chauffage \u00e9lectrique\" srcset=\"https:\/\/adax.nl\/wp-content\/uploads\/2020\/04\/Adax-Neo-WiFi.jpg 768w, https:\/\/adax.nl\/wp-content\/uploads\/2020\/04\/Adax-Neo-WiFi-300x300.jpg 300w, https:\/\/adax.nl\/wp-content\/uploads\/2020\/04\/Adax-Neo-WiFi-150x150.jpg 150w\" sizes=\"(max-width: 768px) 100vw, 768px\" \/>\t\t\t\t\t\t\t\t\t\t\t\t\t\t\t<\/div>\n\t\t\t\t<\/div>\n\t\t\t\t\t<\/div>\n\t\t<\/div>\n\t\t\t\t<div class=\"elementor-column elementor-col-50 elementor-top-column elementor-element elementor-element-511bfd2\" data-id=\"511bfd2\" data-element_type=\"column\">\n\t\t\t<div class=\"elementor-widget-wrap elementor-element-populated\">\n\t\t\t\t\t\t<div class=\"elementor-element elementor-element-4bcd4a0 elementor-widget elementor-widget-heading\" data-id=\"4bcd4a0\" data-element_type=\"widget\" data-widget_type=\"heading.default\">\n\t\t\t\t<div class=\"elementor-widget-container\">\n\t\t\t\t\t<h2 class=\"elementor-heading-title elementor-size-xl\">Questions ou conseils?<\/h2>\t\t\t\t<\/div>\n\t\t\t\t<\/div>\n\t\t\t\t<div class=\"elementor-element elementor-element-cea0704 elementor-widget elementor-widget-text-editor\" data-id=\"cea0704\" data-element_type=\"widget\" data-widget_type=\"text-editor.default\">\n\t\t\t\t<div class=\"elementor-widget-container\">\n\t\t\t\t\t\t\t\t\t<p>Le point de vente pour les Pays-Bas et la Belgique obtient ses produits Adax directement aupr\u00e8s de l'importateur Adax aux Pays-Bas. Ils connaissent donc tous les d\u00e9tails des panneaux Adax. Sur leur site web, vous trouverez une description d\u00e9taill\u00e9e de tous les produits qu'ils proposent. Si vous avez des questions sp\u00e9cifiques sur les produits Adax ou si vous souhaitez des conseils sur le meilleur panneau pour votre situation, contactez le point de vente.<span class=\"Apple-converted-space\">&nbsp;<\/span><\/p>\t\t\t\t\t\t\t\t<\/div>\n\t\t\t\t<\/div>\n\t\t\t\t\t<\/div>\n\t\t<\/div>\n\t\t\t\t\t<\/div>\n\t\t<\/section>\n\t\t\t\t<section class=\"elementor-section elementor-top-section elementor-element elementor-element-3ba47cd elementor-section-boxed elementor-section-height-default elementor-section-height-default\" data-id=\"3ba47cd\" data-element_type=\"section\" data-settings=\"{&quot;background_background&quot;:&quot;classic&quot;}\">\n\t\t\t\t\t\t<div class=\"elementor-container elementor-column-gap-default\">\n\t\t\t\t\t<div class=\"elementor-column elementor-col-50 elementor-top-column elementor-element elementor-element-1d6aef9\" data-id=\"1d6aef9\" data-element_type=\"column\">\n\t\t\t<div class=\"elementor-widget-wrap elementor-element-populated\">\n\t\t\t\t\t\t<div class=\"elementor-element elementor-element-6a6214e elementor-widget elementor-widget-heading\" data-id=\"6a6214e\" data-element_type=\"widget\" data-widget_type=\"heading.default\">\n\t\t\t\t<div class=\"elementor-widget-container\">\n\t\t\t\t\t<h2 class=\"elementor-heading-title elementor-size-xl\">Contact<\/h2>\t\t\t\t<\/div>\n\t\t\t\t<\/div>\n\t\t\t\t<div class=\"elementor-element elementor-element-5a86f5a elementor-widget elementor-widget-text-editor\" data-id=\"5a86f5a\" data-element_type=\"widget\" data-widget_type=\"text-editor.default\">\n\t\t\t\t<div class=\"elementor-widget-container\">\n\t\t\t\t\t\t\t\t\t<p>Si vous souhaitez plus d'informations sur la marque Adax ou si vous avez des questions sp\u00e9cifiques concernant un panneau de chauffage Adax, contactez le point de vente ou envoyez un message via le formulaire.<span class=\"Apple-converted-space\">\u00a0<\/span><\/p>\t\t\t\t\t\t\t\t<\/div>\n\t\t\t\t<\/div>\n\t\t\t\t\t<\/div>\n\t\t<\/div>\n\t\t\t\t<div class=\"elementor-column elementor-col-50 elementor-top-column elementor-element elementor-element-0666b8c\" data-id=\"0666b8c\" data-element_type=\"column\">\n\t\t\t<div class=\"elementor-widget-wrap\">\n\t\t\t\t\t\t\t<\/div>\n\t\t<\/div>\n\t\t\t\t\t<\/div>\n\t\t<\/section>\n\t\t\t\t<section class=\"elementor-section elementor-top-section elementor-element elementor-element-4289a2a elementor-section-boxed elementor-section-height-default elementor-section-height-default\" data-id=\"4289a2a\" data-element_type=\"section\" data-settings=\"{&quot;background_background&quot;:&quot;classic&quot;}\">\n\t\t\t\t\t\t<div class=\"elementor-container elementor-column-gap-default\">\n\t\t\t\t\t<div class=\"elementor-column elementor-col-50 elementor-top-column elementor-element elementor-element-180b719\" data-id=\"180b719\" data-element_type=\"column\">\n\t\t\t<div class=\"elementor-widget-wrap\">\n\t\t\t\t\t\t\t<\/div>\n\t\t<\/div>\n\t\t\t\t<div class=\"elementor-column elementor-col-50 elementor-top-column elementor-element elementor-element-b10cbf9\" data-id=\"b10cbf9\" data-element_type=\"column\">\n\t\t\t<div class=\"elementor-widget-wrap\">\n\t\t\t\t\t\t\t<\/div>\n\t\t<\/div>\n\t\t\t\t\t<\/div>\n\t\t<\/section>\n\t\t\t\t<section class=\"elementor-section elementor-top-section elementor-element elementor-element-834445e elementor-section-boxed elementor-section-height-default elementor-section-height-default\" data-id=\"834445e\" data-element_type=\"section\" data-settings=\"{&quot;background_background&quot;:&quot;classic&quot;}\">\n\t\t\t\t\t\t<div class=\"elementor-container elementor-column-gap-default\">\n\t\t\t\t\t<div class=\"elementor-column elementor-col-33 elementor-top-column elementor-element elementor-element-b6760f2\" data-id=\"b6760f2\" data-element_type=\"column\">\n\t\t\t<div class=\"elementor-widget-wrap elementor-element-populated\">\n\t\t\t\t\t\t<div class=\"elementor-element elementor-element-85a8e33 elementor-position-left elementor-view-default elementor-mobile-position-top elementor-vertical-align-top elementor-widget elementor-widget-icon-box\" data-id=\"85a8e33\" data-element_type=\"widget\" data-widget_type=\"icon-box.default\">\n\t\t\t\t<div class=\"elementor-widget-container\">\n\t\t\t\t\t\t\t<div class=\"elementor-icon-box-wrapper\">\n\n\t\t\t\t\t\t<div class=\"elementor-icon-box-icon\">\n\t\t\t\t<span  class=\"elementor-icon\">\n\t\t\t\t<i aria-hidden=\"true\" class=\"fas fa-check\"><\/i>\t\t\t\t<\/span>\n\t\t\t<\/div>\n\t\t\t\n\t\t\t\t\t\t<div class=\"elementor-icon-box-content\">\n\n\t\t\t\t\t\t\t\t\t<h3 class=\"elementor-icon-box-title\">\n\t\t\t\t\t\t<span  >\n\t\t\t\t\t\t\tEfficace et durable\t\t\t\t\t\t<\/span>\n\t\t\t\t\t<\/h3>\n\t\t\t\t\n\t\t\t\t\t\t\t\t\t<p class=\"elementor-icon-box-description\">\n\t\t\t\t\t\tChauffez durablement avec les panneaux Adax. Bon pour l'environnement et pour votre facture \u00e9nerg\u00e9tique. \t\t\t\t\t<\/p>\n\t\t\t\t\n\t\t\t<\/div>\n\t\t\t\n\t\t<\/div>\n\t\t\t\t\t\t<\/div>\n\t\t\t\t<\/div>\n\t\t\t\t\t<\/div>\n\t\t<\/div>\n\t\t\t\t<div class=\"elementor-column elementor-col-33 elementor-top-column elementor-element elementor-element-65d464a\" data-id=\"65d464a\" data-element_type=\"column\">\n\t\t\t<div class=\"elementor-widget-wrap elementor-element-populated\">\n\t\t\t\t\t\t<div class=\"elementor-element elementor-element-e919e41 elementor-position-left elementor-view-default elementor-mobile-position-top elementor-vertical-align-top elementor-widget elementor-widget-icon-box\" data-id=\"e919e41\" data-element_type=\"widget\" data-widget_type=\"icon-box.default\">\n\t\t\t\t<div class=\"elementor-widget-container\">\n\t\t\t\t\t\t\t<div class=\"elementor-icon-box-wrapper\">\n\n\t\t\t\t\t\t<div class=\"elementor-icon-box-icon\">\n\t\t\t\t<span  class=\"elementor-icon\">\n\t\t\t\t<i aria-hidden=\"true\" class=\"fas fa-check\"><\/i>\t\t\t\t<\/span>\n\t\t\t<\/div>\n\t\t\t\n\t\t\t\t\t\t<div class=\"elementor-icon-box-content\">\n\n\t\t\t\t\t\t\t\t\t<h3 class=\"elementor-icon-box-title\">\n\t\t\t\t\t\t<span  >\n\t\t\t\t\t\t\tDesign \u00e9l\u00e9gant et fin\t\t\t\t\t\t<\/span>\n\t\t\t\t\t<\/h3>\n\t\t\t\t\n\t\t\t\t\t\t\t\t\t<p class=\"elementor-icon-box-description\">\n\t\t\t\t\t\tLes panneaux Adax ont un design \u00e9l\u00e9gant et \u00e9pur\u00e9, ajoutant une touche esth\u00e9tique \u00e0 toutes les pi\u00e8ces de votre maison.\t\t\t\t\t<\/p>\n\t\t\t\t\n\t\t\t<\/div>\n\t\t\t\n\t\t<\/div>\n\t\t\t\t\t\t<\/div>\n\t\t\t\t<\/div>\n\t\t\t\t\t<\/div>\n\t\t<\/div>\n\t\t\t\t<div class=\"elementor-column elementor-col-33 elementor-top-column elementor-element elementor-element-fc1d2b8\" data-id=\"fc1d2b8\" data-element_type=\"column\">\n\t\t\t<div class=\"elementor-widget-wrap elementor-element-populated\">\n\t\t\t\t\t\t<div class=\"elementor-element elementor-element-cda6012 elementor-position-left elementor-view-default elementor-mobile-position-top elementor-vertical-align-top elementor-widget elementor-widget-icon-box\" data-id=\"cda6012\" data-element_type=\"widget\" data-widget_type=\"icon-box.default\">\n\t\t\t\t<div class=\"elementor-widget-container\">\n\t\t\t\t\t\t\t<div class=\"elementor-icon-box-wrapper\">\n\n\t\t\t\t\t\t<div class=\"elementor-icon-box-icon\">\n\t\t\t\t<span  class=\"elementor-icon\">\n\t\t\t\t<i aria-hidden=\"true\" class=\"fas fa-check\"><\/i>\t\t\t\t<\/span>\n\t\t\t<\/div>\n\t\t\t\n\t\t\t\t\t\t<div class=\"elementor-icon-box-content\">\n\n\t\t\t\t\t\t\t\t\t<h3 class=\"elementor-icon-box-title\">\n\t\t\t\t\t\t<span  >\n\t\t\t\t\t\t\tFacile \u00e0 utiliser\t\t\t\t\t\t<\/span>\n\t\t\t\t\t<\/h3>\n\t\t\t\t\n\t\t\t\t\t\t\t\t\t<p class=\"elementor-icon-box-description\">\n\t\t\t\t\t\tLes chauffages Adax sont faciles \u00e0 utiliser. Les panneaux avec wifi peuvent m\u00eame \u00eatre r\u00e9gl\u00e9s via un smartphone ou une tablette.\t\t\t\t\t<\/p>\n\t\t\t\t\n\t\t\t<\/div>\n\t\t\t\n\t\t<\/div>\n\t\t\t\t\t\t<\/div>\n\t\t\t\t<\/div>\n\t\t\t\t\t<\/div>\n\t\t<\/div>\n\t\t\t\t\t<\/div>\n\t\t<\/section>\n\t\t\t\t<section class=\"elementor-section elementor-top-section elementor-element elementor-element-a048956 elementor-section-boxed elementor-section-height-default elementor-section-height-default\" data-id=\"a048956\" data-element_type=\"section\" data-settings=\"{&quot;background_background&quot;:&quot;classic&quot;}\">\n\t\t\t\t\t\t<div class=\"elementor-container elementor-column-gap-default\">\n\t\t\t\t\t<div class=\"elementor-column elementor-col-100 elementor-top-column elementor-element elementor-element-231368e\" data-id=\"231368e\" data-element_type=\"column\">\n\t\t\t<div class=\"elementor-widget-wrap\">\n\t\t\t\t\t\t\t<\/div>\n\t\t<\/div>\n\t\t\t\t\t<\/div>\n\t\t<\/section>\n\t\t\t\t<\/div>","protected":false},"excerpt":{"rendered":"<p>Contact en informatie Vragen of advies? Het verkooppunt voor Nederland en Belgi\u00eb haalt het assortiment Adax producten rechtstreeks via de Adax importeur in Nederland. Zij kennen dan ook alle in en outs van de Adax panelen. Op hun website vind je een uitgebreide beschrijving van alle producten die zij aanbieden. Heb je alsnog specifieke vragen&hellip;&nbsp;<a href=\"https:\/\/adax.nl\/fr_be\/contact\/\" rel=\"bookmark\">Lire la suite &raquo;<span class=\"screen-reader-text\">Contact<\/span><\/a><\/p>","protected":false},"author":1,"featured_media":0,"parent":0,"menu_order":0,"comment_status":"closed","ping_status":"closed","template":"elementor_header_footer","meta":{"neve_meta_sidebar":"full-width","neve_meta_container":"","neve_meta_enable_content_width":"on","neve_meta_content_width":100,"neve_meta_title_alignment":"","neve_meta_author_avatar":"","neve_post_elements_order":"","neve_meta_disable_header":"","neve_meta_disable_footer":"","neve_meta_disable_title":"","_themeisle_gutenberg_block_has_review":false,"footnotes":""},"class_list":["post-283","page","type-page","status-publish","hentry"],"yoast_head":"<!-- This site is optimized with the Yoast SEO plugin v24.5 - https:\/\/yoast.com\/wordpress\/plugins\/seo\/ -->\n<title>Adax Neo verwarmingspaneel met wifi<\/title>\n<meta name=\"description\" content=\"Van alle modellen, is de Adax Neo Wifi ons meest populaire Adax model van dit moment. Dit komt mede doordat de Adax Neo Wifi is voorzien van de laatste innovaties.\" \/>\n<meta name=\"robots\" content=\"index, follow, max-snippet:-1, max-image-preview:large, max-video-preview:-1\" \/>\n<link rel=\"canonical\" href=\"https:\/\/adax.nl\/fr_be\/contact\/\" \/>\n<meta property=\"og:locale\" content=\"fr_FR\" \/>\n<meta property=\"og:type\" content=\"article\" \/>\n<meta property=\"og:title\" content=\"Adax Neo verwarmingspaneel met wifi\" \/>\n<meta property=\"og:description\" content=\"Van alle modellen, is de Adax Neo Wifi ons meest populaire Adax model van dit moment. Dit komt mede doordat de Adax Neo Wifi is voorzien van de laatste innovaties.\" \/>\n<meta property=\"og:url\" content=\"https:\/\/adax.nl\/fr_be\/contact\/\" \/>\n<meta property=\"og:site_name\" content=\"Adax.nl\" \/>\n<meta property=\"article:modified_time\" content=\"2021-11-26T15:58:45+00:00\" \/>\n<meta property=\"og:image\" content=\"https:\/\/adax.nl\/wp-content\/uploads\/2020\/04\/Adax-Neo-WiFi.jpg\" \/>\n<meta name=\"twitter:card\" content=\"summary_large_image\" \/>\n<meta name=\"twitter:label1\" content=\"Dur\u00e9e de lecture est.\" \/>\n\t<meta name=\"twitter:data1\" content=\"1 minute\" \/>\n<script type=\"application\/ld+json\" class=\"yoast-schema-graph\">{\"@context\":\"https:\/\/schema.org\",\"@graph\":[{\"@type\":\"WebPage\",\"@id\":\"https:\/\/adax.nl\/fr_be\/contact\/\",\"url\":\"https:\/\/adax.nl\/fr_be\/contact\/\",\"name\":\"Adax Neo verwarmingspaneel met wifi\",\"isPartOf\":{\"@id\":\"https:\/\/adax.nl\/#website\"},\"primaryImageOfPage\":{\"@id\":\"https:\/\/adax.nl\/fr_be\/contact\/#primaryimage\"},\"image\":{\"@id\":\"https:\/\/adax.nl\/fr_be\/contact\/#primaryimage\"},\"thumbnailUrl\":\"https:\/\/adax.nl\/wp-content\/uploads\/2020\/04\/Adax-Neo-WiFi.jpg\",\"datePublished\":\"2020-06-11T14:01:25+00:00\",\"dateModified\":\"2021-11-26T15:58:45+00:00\",\"description\":\"Van alle modellen, is de Adax Neo Wifi ons meest populaire Adax model van dit moment. Dit komt mede doordat de Adax Neo Wifi is voorzien van de laatste innovaties.\",\"breadcrumb\":{\"@id\":\"https:\/\/adax.nl\/fr_be\/contact\/#breadcrumb\"},\"inLanguage\":\"fr-BE\",\"potentialAction\":[{\"@type\":\"ReadAction\",\"target\":[\"https:\/\/adax.nl\/fr_be\/contact\/\"]}]},{\"@type\":\"ImageObject\",\"inLanguage\":\"fr-BE\",\"@id\":\"https:\/\/adax.nl\/fr_be\/contact\/#primaryimage\",\"url\":\"https:\/\/adax.nl\/wp-content\/uploads\/2020\/04\/Adax-Neo-WiFi.jpg\",\"contentUrl\":\"https:\/\/adax.nl\/wp-content\/uploads\/2020\/04\/Adax-Neo-WiFi.jpg\"},{\"@type\":\"BreadcrumbList\",\"@id\":\"https:\/\/adax.nl\/fr_be\/contact\/#breadcrumb\",\"itemListElement\":[{\"@type\":\"ListItem\",\"position\":1,\"name\":\"Home\",\"item\":\"https:\/\/adax.nl\/fr_be\/\"},{\"@type\":\"ListItem\",\"position\":2,\"name\":\"Contact\"}]},{\"@type\":\"WebSite\",\"@id\":\"https:\/\/adax.nl\/#website\",\"url\":\"https:\/\/adax.nl\/\",\"name\":\"Adax.nl\",\"description\":\"Adax - Pionier in elektrische verwarming\",\"publisher\":{\"@id\":\"https:\/\/adax.nl\/#organization\"},\"potentialAction\":[{\"@type\":\"SearchAction\",\"target\":{\"@type\":\"EntryPoint\",\"urlTemplate\":\"https:\/\/adax.nl\/?s={search_term_string}\"},\"query-input\":{\"@type\":\"PropertyValueSpecification\",\"valueRequired\":true,\"valueName\":\"search_term_string\"}}],\"inLanguage\":\"fr-BE\"},{\"@type\":\"Organization\",\"@id\":\"https:\/\/adax.nl\/#organization\",\"name\":\"Adax.nl\",\"url\":\"https:\/\/adax.nl\/\",\"logo\":{\"@type\":\"ImageObject\",\"inLanguage\":\"fr-BE\",\"@id\":\"https:\/\/adax.nl\/#\/schema\/logo\/image\/\",\"url\":\"https:\/\/adax.nl\/wp-content\/uploads\/2020\/04\/cropped-logo.png\",\"contentUrl\":\"https:\/\/adax.nl\/wp-content\/uploads\/2020\/04\/cropped-logo.png\",\"width\":488,\"height\":66,\"caption\":\"Adax.nl\"},\"image\":{\"@id\":\"https:\/\/adax.nl\/#\/schema\/logo\/image\/\"}}]}<\/script>\n<!-- \/ Yoast SEO plugin. -->","yoast_head_json":{"title":"Adax Neo verwarmingspaneel met wifi","description":"Van alle modellen, is de Adax Neo Wifi ons meest populaire Adax model van dit moment. Dit komt mede doordat de Adax Neo Wifi is voorzien van de laatste innovaties.","robots":{"index":"index","follow":"follow","max-snippet":"max-snippet:-1","max-image-preview":"max-image-preview:large","max-video-preview":"max-video-preview:-1"},"canonical":"https:\/\/adax.nl\/fr_be\/contact\/","og_locale":"fr_FR","og_type":"article","og_title":"Adax Neo verwarmingspaneel met wifi","og_description":"Van alle modellen, is de Adax Neo Wifi ons meest populaire Adax model van dit moment. Dit komt mede doordat de Adax Neo Wifi is voorzien van de laatste innovaties.","og_url":"https:\/\/adax.nl\/fr_be\/contact\/","og_site_name":"Adax.nl","article_modified_time":"2021-11-26T15:58:45+00:00","og_image":[{"url":"https:\/\/adax.nl\/wp-content\/uploads\/2020\/04\/Adax-Neo-WiFi.jpg","type":"","width":"","height":""}],"twitter_card":"summary_large_image","twitter_misc":{"Dur\u00e9e de lecture est.":"1 minute"},"schema":{"@context":"https:\/\/schema.org","@graph":[{"@type":"WebPage","@id":"https:\/\/adax.nl\/fr_be\/contact\/","url":"https:\/\/adax.nl\/fr_be\/contact\/","name":"Adax Neo verwarmingspaneel met wifi","isPartOf":{"@id":"https:\/\/adax.nl\/#website"},"primaryImageOfPage":{"@id":"https:\/\/adax.nl\/fr_be\/contact\/#primaryimage"},"image":{"@id":"https:\/\/adax.nl\/fr_be\/contact\/#primaryimage"},"thumbnailUrl":"https:\/\/adax.nl\/wp-content\/uploads\/2020\/04\/Adax-Neo-WiFi.jpg","datePublished":"2020-06-11T14:01:25+00:00","dateModified":"2021-11-26T15:58:45+00:00","description":"Van alle modellen, is de Adax Neo Wifi ons meest populaire Adax model van dit moment. Dit komt mede doordat de Adax Neo Wifi is voorzien van de laatste innovaties.","breadcrumb":{"@id":"https:\/\/adax.nl\/fr_be\/contact\/#breadcrumb"},"inLanguage":"fr-BE","potentialAction":[{"@type":"ReadAction","target":["https:\/\/adax.nl\/fr_be\/contact\/"]}]},{"@type":"ImageObject","inLanguage":"fr-BE","@id":"https:\/\/adax.nl\/fr_be\/contact\/#primaryimage","url":"https:\/\/adax.nl\/wp-content\/uploads\/2020\/04\/Adax-Neo-WiFi.jpg","contentUrl":"https:\/\/adax.nl\/wp-content\/uploads\/2020\/04\/Adax-Neo-WiFi.jpg"},{"@type":"BreadcrumbList","@id":"https:\/\/adax.nl\/fr_be\/contact\/#breadcrumb","itemListElement":[{"@type":"ListItem","position":1,"name":"Home","item":"https:\/\/adax.nl\/fr_be\/"},{"@type":"ListItem","position":2,"name":"Contact"}]},{"@type":"WebSite","@id":"https:\/\/adax.nl\/#website","url":"https:\/\/adax.nl\/","name":"Adax.nl","description":"Adax - Pionier in elektrische verwarming","publisher":{"@id":"https:\/\/adax.nl\/#organization"},"potentialAction":[{"@type":"SearchAction","target":{"@type":"EntryPoint","urlTemplate":"https:\/\/adax.nl\/?s={search_term_string}"},"query-input":{"@type":"PropertyValueSpecification","valueRequired":true,"valueName":"search_term_string"}}],"inLanguage":"fr-BE"},{"@type":"Organization","@id":"https:\/\/adax.nl\/#organization","name":"Adax.nl","url":"https:\/\/adax.nl\/","logo":{"@type":"ImageObject","inLanguage":"fr-BE","@id":"https:\/\/adax.nl\/#\/schema\/logo\/image\/","url":"https:\/\/adax.nl\/wp-content\/uploads\/2020\/04\/cropped-logo.png","contentUrl":"https:\/\/adax.nl\/wp-content\/uploads\/2020\/04\/cropped-logo.png","width":488,"height":66,"caption":"Adax.nl"},"image":{"@id":"https:\/\/adax.nl\/#\/schema\/logo\/image\/"}}]}},"_links":{"self":[{"href":"https:\/\/adax.nl\/fr_be\/wp-json\/wp\/v2\/pages\/283","targetHints":{"allow":["GET"]}}],"collection":[{"href":"https:\/\/adax.nl\/fr_be\/wp-json\/wp\/v2\/pages"}],"about":[{"href":"https:\/\/adax.nl\/fr_be\/wp-json\/wp\/v2\/types\/page"}],"author":[{"embeddable":true,"href":"https:\/\/adax.nl\/fr_be\/wp-json\/wp\/v2\/users\/1"}],"replies":[{"embeddable":true,"href":"https:\/\/adax.nl\/fr_be\/wp-json\/wp\/v2\/comments?post=283"}],"version-history":[{"count":18,"href":"https:\/\/adax.nl\/fr_be\/wp-json\/wp\/v2\/pages\/283\/revisions"}],"predecessor-version":[{"id":408,"href":"https:\/\/adax.nl\/fr_be\/wp-json\/wp\/v2\/pages\/283\/revisions\/408"}],"wp:attachment":[{"href":"https:\/\/adax.nl\/fr_be\/wp-json\/wp\/v2\/media?parent=283"}],"curies":[{"name":"wp","href":"https:\/\/api.w.org\/{rel}","templated":true}]}}