{"id":268,"date":"2020-06-11T13:37:45","date_gmt":"2020-06-11T13:37:45","guid":{"rendered":"https:\/\/adax.nl\/?page_id=268"},"modified":"2025-01-08T09:27:31","modified_gmt":"2025-01-08T09:27:31","slug":"service-en-garantie","status":"publish","type":"page","link":"https:\/\/adax.nl\/fr_be\/service-en-garantie\/","title":{"rendered":"Service et garantie"},"content":{"rendered":"<div data-elementor-type=\"wp-page\" data-elementor-id=\"268\" class=\"elementor elementor-268\">\n\t\t\t\t\t\t<section class=\"elementor-section elementor-top-section elementor-element elementor-element-1bc9bd2 elementor-section-boxed elementor-section-height-default elementor-section-height-default\" data-id=\"1bc9bd2\" data-element_type=\"section\">\n\t\t\t\t\t\t<div class=\"elementor-container elementor-column-gap-default\">\n\t\t\t\t\t<div class=\"elementor-column elementor-col-100 elementor-top-column elementor-element elementor-element-ed9a3bf\" data-id=\"ed9a3bf\" data-element_type=\"column\">\n\t\t\t<div class=\"elementor-widget-wrap elementor-element-populated\">\n\t\t\t\t\t\t<div class=\"elementor-element elementor-element-fe4411c elementor-widget elementor-widget-heading\" data-id=\"fe4411c\" data-element_type=\"widget\" data-widget_type=\"heading.default\">\n\t\t\t\t<div class=\"elementor-widget-container\">\n\t\t\t\t\t<h1 class=\"elementor-heading-title elementor-size-default\">Service et garantie<\/h1>\t\t\t\t<\/div>\n\t\t\t\t<\/div>\n\t\t\t\t\t<\/div>\n\t\t<\/div>\n\t\t\t\t\t<\/div>\n\t\t<\/section>\n\t\t\t\t<section class=\"elementor-section elementor-top-section elementor-element elementor-element-5fe02f3 elementor-section-boxed elementor-section-height-default elementor-section-height-default\" data-id=\"5fe02f3\" data-element_type=\"section\" data-settings=\"{&quot;background_background&quot;:&quot;classic&quot;}\">\n\t\t\t\t\t\t<div class=\"elementor-container elementor-column-gap-default\">\n\t\t\t\t\t<div class=\"elementor-column elementor-col-50 elementor-top-column elementor-element elementor-element-290ef1d\" data-id=\"290ef1d\" data-element_type=\"column\">\n\t\t\t<div class=\"elementor-widget-wrap elementor-element-populated\">\n\t\t\t\t\t\t<div class=\"elementor-element elementor-element-25e4010 elementor-widget elementor-widget-image\" data-id=\"25e4010\" data-element_type=\"widget\" data-widget_type=\"image.default\">\n\t\t\t\t<div class=\"elementor-widget-container\">\n\t\t\t\t\t\t\t\t\t\t\t\t\t\t\t<img fetchpriority=\"high\" decoding=\"async\" width=\"768\" height=\"768\" src=\"https:\/\/adax.nl\/wp-content\/uploads\/2020\/04\/Adax-Neo-WiFi.jpg\" class=\"attachment-full size-full wp-image-95\" alt=\"Adax Neo Wifi chauffage \u00e9lectrique\" srcset=\"https:\/\/adax.nl\/wp-content\/uploads\/2020\/04\/Adax-Neo-WiFi.jpg 768w, https:\/\/adax.nl\/wp-content\/uploads\/2020\/04\/Adax-Neo-WiFi-300x300.jpg 300w, https:\/\/adax.nl\/wp-content\/uploads\/2020\/04\/Adax-Neo-WiFi-150x150.jpg 150w\" sizes=\"(max-width: 768px) 100vw, 768px\" \/>\t\t\t\t\t\t\t\t\t\t\t\t\t\t\t<\/div>\n\t\t\t\t<\/div>\n\t\t\t\t\t<\/div>\n\t\t<\/div>\n\t\t\t\t<div class=\"elementor-column elementor-col-50 elementor-top-column elementor-element elementor-element-511bfd2\" data-id=\"511bfd2\" data-element_type=\"column\">\n\t\t\t<div class=\"elementor-widget-wrap elementor-element-populated\">\n\t\t\t\t\t\t<div class=\"elementor-element elementor-element-4bcd4a0 elementor-widget elementor-widget-heading\" data-id=\"4bcd4a0\" data-element_type=\"widget\" data-widget_type=\"heading.default\">\n\t\t\t\t<div class=\"elementor-widget-container\">\n\t\t\t\t\t<h2 class=\"elementor-heading-title elementor-size-xl\">Achetez en toute confiance<\/h2>\t\t\t\t<\/div>\n\t\t\t\t<\/div>\n\t\t\t\t<div class=\"elementor-element elementor-element-cea0704 elementor-widget elementor-widget-text-editor\" data-id=\"cea0704\" data-element_type=\"widget\" data-widget_type=\"text-editor.default\">\n\t\t\t\t<div class=\"elementor-widget-container\">\n\t\t\t\t\t\t\t\t\t<p>Via le point de vente, vous achetez un panneau de chauffage Adax en toute confiance. Les panneaux Adax sont livr\u00e9s directement par l'importateur, garantissant ainsi un excellent service et une garantie. Vous pouvez vous attendre \u00e0 une haute qualit\u00e9 d'un panneau Adax. Si vous avez des questions ou des probl\u00e8mes, contactez toujours le vendeur.<\/p>\t\t\t\t\t\t\t\t<\/div>\n\t\t\t\t<\/div>\n\t\t\t\t\t<\/div>\n\t\t<\/div>\n\t\t\t\t\t<\/div>\n\t\t<\/section>\n\t\t\t\t<section class=\"elementor-section elementor-top-section elementor-element elementor-element-3ba47cd elementor-section-boxed elementor-section-height-default elementor-section-height-default\" data-id=\"3ba47cd\" data-element_type=\"section\" data-settings=\"{&quot;background_background&quot;:&quot;classic&quot;}\">\n\t\t\t\t\t\t<div class=\"elementor-container elementor-column-gap-default\">\n\t\t\t\t\t<div class=\"elementor-column elementor-col-50 elementor-top-column elementor-element elementor-element-1d6aef9\" data-id=\"1d6aef9\" data-element_type=\"column\">\n\t\t\t<div class=\"elementor-widget-wrap elementor-element-populated\">\n\t\t\t\t\t\t<div class=\"elementor-element elementor-element-6a6214e elementor-widget elementor-widget-heading\" data-id=\"6a6214e\" data-element_type=\"widget\" data-widget_type=\"heading.default\">\n\t\t\t\t<div class=\"elementor-widget-container\">\n\t\t\t\t\t<h2 class=\"elementor-heading-title elementor-size-xl\">Garantie fiable \u00e0 tout moment<\/h2>\t\t\t\t<\/div>\n\t\t\t\t<\/div>\n\t\t\t\t<div class=\"elementor-element elementor-element-5a86f5a elementor-widget elementor-widget-text-editor\" data-id=\"5a86f5a\" data-element_type=\"widget\" data-widget_type=\"text-editor.default\">\n\t\t\t\t<div class=\"elementor-widget-container\">\n\t\t\t\t\t\t\t\t\t<p>En achetant un panneau de chauffage Adax aupr\u00e8s du point de vente Adax, l'importateur n\u00e9erlandais d'Adax garantit un service et une garantie optimaux. Ils offrent une garantie de 5 ans sur la plupart des panneaux de chauffage. Si vous rencontrez des probl\u00e8mes, le vendeur examinera la garantie avec vous et trouvera toujours une solution fiable.<\/p>\t\t\t\t\t\t\t\t<\/div>\n\t\t\t\t<\/div>\n\t\t\t\t\t<\/div>\n\t\t<\/div>\n\t\t\t\t<div class=\"elementor-column elementor-col-50 elementor-top-column elementor-element elementor-element-0666b8c\" data-id=\"0666b8c\" data-element_type=\"column\">\n\t\t\t<div class=\"elementor-widget-wrap elementor-element-populated\">\n\t\t\t\t\t\t<div class=\"elementor-element elementor-element-8c20997 elementor-widget elementor-widget-image\" data-id=\"8c20997\" data-element_type=\"widget\" data-widget_type=\"image.default\">\n\t\t\t\t<div class=\"elementor-widget-container\">\n\t\t\t\t\t\t\t\t\t\t\t\t\t\t\t<img decoding=\"async\" width=\"768\" height=\"768\" src=\"https:\/\/adax.nl\/wp-content\/uploads\/2020\/04\/Adax-Wifi-kachel.jpg\" class=\"attachment-large size-large wp-image-102\" alt=\"Contr\u00f4le via l&#039;application mobile Adax\" srcset=\"https:\/\/adax.nl\/wp-content\/uploads\/2020\/04\/Adax-Wifi-kachel.jpg 768w, https:\/\/adax.nl\/wp-content\/uploads\/2020\/04\/Adax-Wifi-kachel-300x300.jpg 300w, https:\/\/adax.nl\/wp-content\/uploads\/2020\/04\/Adax-Wifi-kachel-150x150.jpg 150w\" sizes=\"(max-width: 768px) 100vw, 768px\" \/>\t\t\t\t\t\t\t\t\t\t\t\t\t\t\t<\/div>\n\t\t\t\t<\/div>\n\t\t\t\t\t<\/div>\n\t\t<\/div>\n\t\t\t\t\t<\/div>\n\t\t<\/section>\n\t\t\t\t<section class=\"elementor-section elementor-top-section elementor-element elementor-element-4289a2a elementor-section-boxed elementor-section-height-default elementor-section-height-default\" data-id=\"4289a2a\" data-element_type=\"section\" data-settings=\"{&quot;background_background&quot;:&quot;classic&quot;}\">\n\t\t\t\t\t\t<div class=\"elementor-container elementor-column-gap-default\">\n\t\t\t\t\t<div class=\"elementor-column elementor-col-50 elementor-top-column elementor-element elementor-element-180b719\" data-id=\"180b719\" data-element_type=\"column\">\n\t\t\t<div class=\"elementor-widget-wrap elementor-element-populated\">\n\t\t\t\t\t\t<div class=\"elementor-element elementor-element-9c76e5e elementor-widget elementor-widget-image\" data-id=\"9c76e5e\" data-element_type=\"widget\" data-widget_type=\"image.default\">\n\t\t\t\t<div class=\"elementor-widget-container\">\n\t\t\t\t\t\t\t\t\t\t\t\t\t\t\t<img decoding=\"async\" width=\"768\" height=\"768\" src=\"https:\/\/adax.nl\/wp-content\/uploads\/2020\/04\/Adax-Neo-WiFi.jpg\" class=\"attachment-large size-large wp-image-95\" alt=\"Adax Neo Wifi chauffage \u00e9lectrique\" srcset=\"https:\/\/adax.nl\/wp-content\/uploads\/2020\/04\/Adax-Neo-WiFi.jpg 768w, https:\/\/adax.nl\/wp-content\/uploads\/2020\/04\/Adax-Neo-WiFi-300x300.jpg 300w, https:\/\/adax.nl\/wp-content\/uploads\/2020\/04\/Adax-Neo-WiFi-150x150.jpg 150w\" sizes=\"(max-width: 768px) 100vw, 768px\" \/>\t\t\t\t\t\t\t\t\t\t\t\t\t\t\t<\/div>\n\t\t\t\t<\/div>\n\t\t\t\t\t<\/div>\n\t\t<\/div>\n\t\t\t\t<div class=\"elementor-column elementor-col-50 elementor-top-column elementor-element elementor-element-b10cbf9\" data-id=\"b10cbf9\" data-element_type=\"column\">\n\t\t\t<div class=\"elementor-widget-wrap elementor-element-populated\">\n\t\t\t\t\t\t<div class=\"elementor-element elementor-element-291533d elementor-widget elementor-widget-heading\" data-id=\"291533d\" data-element_type=\"widget\" data-widget_type=\"heading.default\">\n\t\t\t\t<div class=\"elementor-widget-container\">\n\t\t\t\t\t<h2 class=\"elementor-heading-title elementor-size-xl\">R\u00e9paration experte<\/h2>\t\t\t\t<\/div>\n\t\t\t\t<\/div>\n\t\t\t\t<div class=\"elementor-element elementor-element-5e04df4 elementor-widget elementor-widget-text-editor\" data-id=\"5e04df4\" data-element_type=\"widget\" data-widget_type=\"text-editor.default\">\n\t\t\t\t<div class=\"elementor-widget-container\">\n\t\t\t\t\t\t\t\t\t<p>Malgr\u00e9 l'utilisation de mat\u00e9riaux de haute qualit\u00e9 et de panneaux de chauffage Adax de qualit\u00e9 sup\u00e9rieure, il peut arriver qu'un \u00e9l\u00e9ment se casse. Cela ne doit pas \u00eatre un probl\u00e8me insurmontable. Le vendeur et l'importateur offrent un service de haute qualit\u00e9. En cas de panne d'un composant, ils feront r\u00e9parer le panneau par leur propre d\u00e9partement de r\u00e9paration. Ce d\u00e9partement poss\u00e8de toutes les comp\u00e9tences n\u00e9cessaires sur les panneaux de chauffage Adax, garantissant ainsi une r\u00e9paration professionnelle de votre panneau Adax.<\/p>\t\t\t\t\t\t\t\t<\/div>\n\t\t\t\t<\/div>\n\t\t\t\t\t<\/div>\n\t\t<\/div>\n\t\t\t\t\t<\/div>\n\t\t<\/section>\n\t\t\t\t<section class=\"elementor-section elementor-top-section elementor-element elementor-element-834445e elementor-section-boxed elementor-section-height-default elementor-section-height-default\" data-id=\"834445e\" data-element_type=\"section\" data-settings=\"{&quot;background_background&quot;:&quot;classic&quot;}\">\n\t\t\t\t\t\t<div class=\"elementor-container elementor-column-gap-default\">\n\t\t\t\t\t<div class=\"elementor-column elementor-col-33 elementor-top-column elementor-element elementor-element-b6760f2\" data-id=\"b6760f2\" data-element_type=\"column\">\n\t\t\t<div class=\"elementor-widget-wrap elementor-element-populated\">\n\t\t\t\t\t\t<div class=\"elementor-element elementor-element-85a8e33 elementor-position-left elementor-view-default elementor-mobile-position-top elementor-vertical-align-top elementor-widget elementor-widget-icon-box\" data-id=\"85a8e33\" data-element_type=\"widget\" data-widget_type=\"icon-box.default\">\n\t\t\t\t<div class=\"elementor-widget-container\">\n\t\t\t\t\t\t\t<div class=\"elementor-icon-box-wrapper\">\n\n\t\t\t\t\t\t<div class=\"elementor-icon-box-icon\">\n\t\t\t\t<span  class=\"elementor-icon\">\n\t\t\t\t<i aria-hidden=\"true\" class=\"fas fa-check\"><\/i>\t\t\t\t<\/span>\n\t\t\t<\/div>\n\t\t\t\n\t\t\t\t\t\t<div class=\"elementor-icon-box-content\">\n\n\t\t\t\t\t\t\t\t\t<h3 class=\"elementor-icon-box-title\">\n\t\t\t\t\t\t<span  >\n\t\t\t\t\t\t\tEfficace et durable\t\t\t\t\t\t<\/span>\n\t\t\t\t\t<\/h3>\n\t\t\t\t\n\t\t\t\t\t\t\t\t\t<p class=\"elementor-icon-box-description\">\n\t\t\t\t\t\tChauffez durablement avec les panneaux Adax. Bon pour l'environnement et pour votre facture \u00e9nerg\u00e9tique. \t\t\t\t\t<\/p>\n\t\t\t\t\n\t\t\t<\/div>\n\t\t\t\n\t\t<\/div>\n\t\t\t\t\t\t<\/div>\n\t\t\t\t<\/div>\n\t\t\t\t\t<\/div>\n\t\t<\/div>\n\t\t\t\t<div class=\"elementor-column elementor-col-33 elementor-top-column elementor-element elementor-element-65d464a\" data-id=\"65d464a\" data-element_type=\"column\">\n\t\t\t<div class=\"elementor-widget-wrap elementor-element-populated\">\n\t\t\t\t\t\t<div class=\"elementor-element elementor-element-e919e41 elementor-position-left elementor-view-default elementor-mobile-position-top elementor-vertical-align-top elementor-widget elementor-widget-icon-box\" data-id=\"e919e41\" data-element_type=\"widget\" data-widget_type=\"icon-box.default\">\n\t\t\t\t<div class=\"elementor-widget-container\">\n\t\t\t\t\t\t\t<div class=\"elementor-icon-box-wrapper\">\n\n\t\t\t\t\t\t<div class=\"elementor-icon-box-icon\">\n\t\t\t\t<span  class=\"elementor-icon\">\n\t\t\t\t<i aria-hidden=\"true\" class=\"fas fa-check\"><\/i>\t\t\t\t<\/span>\n\t\t\t<\/div>\n\t\t\t\n\t\t\t\t\t\t<div class=\"elementor-icon-box-content\">\n\n\t\t\t\t\t\t\t\t\t<h3 class=\"elementor-icon-box-title\">\n\t\t\t\t\t\t<span  >\n\t\t\t\t\t\t\tDesign \u00e9l\u00e9gant et fin\t\t\t\t\t\t<\/span>\n\t\t\t\t\t<\/h3>\n\t\t\t\t\n\t\t\t\t\t\t\t\t\t<p class=\"elementor-icon-box-description\">\n\t\t\t\t\t\tLes panneaux Adax ont un design \u00e9l\u00e9gant et \u00e9pur\u00e9, ajoutant une touche esth\u00e9tique \u00e0 toutes les pi\u00e8ces de votre maison.\t\t\t\t\t<\/p>\n\t\t\t\t\n\t\t\t<\/div>\n\t\t\t\n\t\t<\/div>\n\t\t\t\t\t\t<\/div>\n\t\t\t\t<\/div>\n\t\t\t\t\t<\/div>\n\t\t<\/div>\n\t\t\t\t<div class=\"elementor-column elementor-col-33 elementor-top-column elementor-element elementor-element-fc1d2b8\" data-id=\"fc1d2b8\" data-element_type=\"column\">\n\t\t\t<div class=\"elementor-widget-wrap elementor-element-populated\">\n\t\t\t\t\t\t<div class=\"elementor-element elementor-element-cda6012 elementor-position-left elementor-view-default elementor-mobile-position-top elementor-vertical-align-top elementor-widget elementor-widget-icon-box\" data-id=\"cda6012\" data-element_type=\"widget\" data-widget_type=\"icon-box.default\">\n\t\t\t\t<div class=\"elementor-widget-container\">\n\t\t\t\t\t\t\t<div class=\"elementor-icon-box-wrapper\">\n\n\t\t\t\t\t\t<div class=\"elementor-icon-box-icon\">\n\t\t\t\t<span  class=\"elementor-icon\">\n\t\t\t\t<i aria-hidden=\"true\" class=\"fas fa-check\"><\/i>\t\t\t\t<\/span>\n\t\t\t<\/div>\n\t\t\t\n\t\t\t\t\t\t<div class=\"elementor-icon-box-content\">\n\n\t\t\t\t\t\t\t\t\t<h3 class=\"elementor-icon-box-title\">\n\t\t\t\t\t\t<span  >\n\t\t\t\t\t\t\tFacile \u00e0 utiliser\t\t\t\t\t\t<\/span>\n\t\t\t\t\t<\/h3>\n\t\t\t\t\n\t\t\t\t\t\t\t\t\t<p class=\"elementor-icon-box-description\">\n\t\t\t\t\t\tLes chauffages Adax sont faciles \u00e0 utiliser. Les panneaux avec wifi peuvent m\u00eame \u00eatre r\u00e9gl\u00e9s via un smartphone ou une tablette.\t\t\t\t\t<\/p>\n\t\t\t\t\n\t\t\t<\/div>\n\t\t\t\n\t\t<\/div>\n\t\t\t\t\t\t<\/div>\n\t\t\t\t<\/div>\n\t\t\t\t\t<\/div>\n\t\t<\/div>\n\t\t\t\t\t<\/div>\n\t\t<\/section>\n\t\t\t\t<section class=\"elementor-section elementor-top-section elementor-element elementor-element-a048956 elementor-section-boxed elementor-section-height-default elementor-section-height-default\" data-id=\"a048956\" data-element_type=\"section\" data-settings=\"{&quot;background_background&quot;:&quot;classic&quot;}\">\n\t\t\t\t\t\t<div class=\"elementor-container elementor-column-gap-default\">\n\t\t\t\t\t<div class=\"elementor-column elementor-col-100 elementor-top-column elementor-element elementor-element-231368e\" data-id=\"231368e\" data-element_type=\"column\">\n\t\t\t<div class=\"elementor-widget-wrap\">\n\t\t\t\t\t\t\t<\/div>\n\t\t<\/div>\n\t\t\t\t\t<\/div>\n\t\t<\/section>\n\t\t\t\t<\/div>","protected":false},"excerpt":{"rendered":"<p>Service en garantie Koop met zekerheid Via het verkooppunt koop je een Adax verwarmingspaneel met zekerheid. De Adax panelen worden rechtstreeks via de importeur geleverd, zodat je verzekerd bent van een uitstekende service en garantie. Je mag van een Adax paneel een hoge kwaliteit verwachten. Mocht je toch nog vragen hebben of ervaar je problemen,&hellip;&nbsp;<a href=\"https:\/\/adax.nl\/fr_be\/service-en-garantie\/\" rel=\"bookmark\">Lire la suite &raquo;<span class=\"screen-reader-text\">Service et garantie<\/span><\/a><\/p>","protected":false},"author":1,"featured_media":0,"parent":0,"menu_order":0,"comment_status":"closed","ping_status":"closed","template":"elementor_header_footer","meta":{"neve_meta_sidebar":"full-width","neve_meta_container":"","neve_meta_enable_content_width":"on","neve_meta_content_width":100,"neve_meta_title_alignment":"","neve_meta_author_avatar":"","neve_post_elements_order":"","neve_meta_disable_header":"","neve_meta_disable_footer":"","neve_meta_disable_title":"","_themeisle_gutenberg_block_has_review":false,"footnotes":""},"class_list":["post-268","page","type-page","status-publish","hentry"],"yoast_head":"<!-- This site is optimized with the Yoast SEO plugin v24.5 - https:\/\/yoast.com\/wordpress\/plugins\/seo\/ -->\n<title>Adax verwarmingen service en garantie<\/title>\n<meta name=\"description\" content=\"Via het verkooppunt koop je een Adax verwarmingspaneel met zekerheid. Mocht je toch nog vragen hebben of ervaar je problemen, neem dan altijd contact met de verkoper op.\" \/>\n<meta name=\"robots\" content=\"index, follow, max-snippet:-1, max-image-preview:large, max-video-preview:-1\" \/>\n<link rel=\"canonical\" href=\"https:\/\/adax.nl\/fr_be\/service-en-garantie\/\" \/>\n<meta property=\"og:locale\" content=\"fr_FR\" \/>\n<meta property=\"og:type\" content=\"article\" \/>\n<meta property=\"og:title\" content=\"Adax verwarmingen service en garantie\" \/>\n<meta property=\"og:description\" content=\"Via het verkooppunt koop je een Adax verwarmingspaneel met zekerheid. Mocht je toch nog vragen hebben of ervaar je problemen, neem dan altijd contact met de verkoper op.\" \/>\n<meta property=\"og:url\" content=\"https:\/\/adax.nl\/fr_be\/service-en-garantie\/\" \/>\n<meta property=\"og:site_name\" content=\"Adax.nl\" \/>\n<meta property=\"article:modified_time\" content=\"2025-01-08T09:27:31+00:00\" \/>\n<meta property=\"og:image\" content=\"https:\/\/adax.nl\/wp-content\/uploads\/2020\/04\/Adax-Neo-WiFi.jpg\" \/>\n<meta name=\"twitter:card\" content=\"summary_large_image\" \/>\n<meta name=\"twitter:label1\" content=\"Dur\u00e9e de lecture est.\" \/>\n\t<meta name=\"twitter:data1\" content=\"2 minutes\" \/>\n<script type=\"application\/ld+json\" class=\"yoast-schema-graph\">{\"@context\":\"https:\/\/schema.org\",\"@graph\":[{\"@type\":\"WebPage\",\"@id\":\"https:\/\/adax.nl\/fr_be\/service-en-garantie\/\",\"url\":\"https:\/\/adax.nl\/fr_be\/service-en-garantie\/\",\"name\":\"Adax verwarmingen service en garantie\",\"isPartOf\":{\"@id\":\"https:\/\/adax.nl\/#website\"},\"primaryImageOfPage\":{\"@id\":\"https:\/\/adax.nl\/fr_be\/service-en-garantie\/#primaryimage\"},\"image\":{\"@id\":\"https:\/\/adax.nl\/fr_be\/service-en-garantie\/#primaryimage\"},\"thumbnailUrl\":\"https:\/\/adax.nl\/wp-content\/uploads\/2020\/04\/Adax-Neo-WiFi.jpg\",\"datePublished\":\"2020-06-11T13:37:45+00:00\",\"dateModified\":\"2025-01-08T09:27:31+00:00\",\"description\":\"Via het verkooppunt koop je een Adax verwarmingspaneel met zekerheid. Mocht je toch nog vragen hebben of ervaar je problemen, neem dan altijd contact met de verkoper op.\",\"breadcrumb\":{\"@id\":\"https:\/\/adax.nl\/fr_be\/service-en-garantie\/#breadcrumb\"},\"inLanguage\":\"fr-BE\",\"potentialAction\":[{\"@type\":\"ReadAction\",\"target\":[\"https:\/\/adax.nl\/fr_be\/service-en-garantie\/\"]}]},{\"@type\":\"ImageObject\",\"inLanguage\":\"fr-BE\",\"@id\":\"https:\/\/adax.nl\/fr_be\/service-en-garantie\/#primaryimage\",\"url\":\"https:\/\/adax.nl\/wp-content\/uploads\/2020\/04\/Adax-Neo-WiFi.jpg\",\"contentUrl\":\"https:\/\/adax.nl\/wp-content\/uploads\/2020\/04\/Adax-Neo-WiFi.jpg\"},{\"@type\":\"BreadcrumbList\",\"@id\":\"https:\/\/adax.nl\/fr_be\/service-en-garantie\/#breadcrumb\",\"itemListElement\":[{\"@type\":\"ListItem\",\"position\":1,\"name\":\"Home\",\"item\":\"https:\/\/adax.nl\/fr_be\/\"},{\"@type\":\"ListItem\",\"position\":2,\"name\":\"Service en garantie\"}]},{\"@type\":\"WebSite\",\"@id\":\"https:\/\/adax.nl\/#website\",\"url\":\"https:\/\/adax.nl\/\",\"name\":\"Adax.nl\",\"description\":\"Adax - Pionier in elektrische verwarming\",\"publisher\":{\"@id\":\"https:\/\/adax.nl\/#organization\"},\"potentialAction\":[{\"@type\":\"SearchAction\",\"target\":{\"@type\":\"EntryPoint\",\"urlTemplate\":\"https:\/\/adax.nl\/?s={search_term_string}\"},\"query-input\":{\"@type\":\"PropertyValueSpecification\",\"valueRequired\":true,\"valueName\":\"search_term_string\"}}],\"inLanguage\":\"fr-BE\"},{\"@type\":\"Organization\",\"@id\":\"https:\/\/adax.nl\/#organization\",\"name\":\"Adax.nl\",\"url\":\"https:\/\/adax.nl\/\",\"logo\":{\"@type\":\"ImageObject\",\"inLanguage\":\"fr-BE\",\"@id\":\"https:\/\/adax.nl\/#\/schema\/logo\/image\/\",\"url\":\"https:\/\/adax.nl\/wp-content\/uploads\/2020\/04\/cropped-logo.png\",\"contentUrl\":\"https:\/\/adax.nl\/wp-content\/uploads\/2020\/04\/cropped-logo.png\",\"width\":488,\"height\":66,\"caption\":\"Adax.nl\"},\"image\":{\"@id\":\"https:\/\/adax.nl\/#\/schema\/logo\/image\/\"}}]}<\/script>\n<!-- \/ Yoast SEO plugin. -->","yoast_head_json":{"title":"Adax verwarmingen service en garantie","description":"Via het verkooppunt koop je een Adax verwarmingspaneel met zekerheid. Mocht je toch nog vragen hebben of ervaar je problemen, neem dan altijd contact met de verkoper op.","robots":{"index":"index","follow":"follow","max-snippet":"max-snippet:-1","max-image-preview":"max-image-preview:large","max-video-preview":"max-video-preview:-1"},"canonical":"https:\/\/adax.nl\/fr_be\/service-en-garantie\/","og_locale":"fr_FR","og_type":"article","og_title":"Adax verwarmingen service en garantie","og_description":"Via het verkooppunt koop je een Adax verwarmingspaneel met zekerheid. Mocht je toch nog vragen hebben of ervaar je problemen, neem dan altijd contact met de verkoper op.","og_url":"https:\/\/adax.nl\/fr_be\/service-en-garantie\/","og_site_name":"Adax.nl","article_modified_time":"2025-01-08T09:27:31+00:00","og_image":[{"url":"https:\/\/adax.nl\/wp-content\/uploads\/2020\/04\/Adax-Neo-WiFi.jpg","type":"","width":"","height":""}],"twitter_card":"summary_large_image","twitter_misc":{"Dur\u00e9e de lecture est.":"2 minutes"},"schema":{"@context":"https:\/\/schema.org","@graph":[{"@type":"WebPage","@id":"https:\/\/adax.nl\/fr_be\/service-en-garantie\/","url":"https:\/\/adax.nl\/fr_be\/service-en-garantie\/","name":"Adax verwarmingen service en garantie","isPartOf":{"@id":"https:\/\/adax.nl\/#website"},"primaryImageOfPage":{"@id":"https:\/\/adax.nl\/fr_be\/service-en-garantie\/#primaryimage"},"image":{"@id":"https:\/\/adax.nl\/fr_be\/service-en-garantie\/#primaryimage"},"thumbnailUrl":"https:\/\/adax.nl\/wp-content\/uploads\/2020\/04\/Adax-Neo-WiFi.jpg","datePublished":"2020-06-11T13:37:45+00:00","dateModified":"2025-01-08T09:27:31+00:00","description":"Via het verkooppunt koop je een Adax verwarmingspaneel met zekerheid. Mocht je toch nog vragen hebben of ervaar je problemen, neem dan altijd contact met de verkoper op.","breadcrumb":{"@id":"https:\/\/adax.nl\/fr_be\/service-en-garantie\/#breadcrumb"},"inLanguage":"fr-BE","potentialAction":[{"@type":"ReadAction","target":["https:\/\/adax.nl\/fr_be\/service-en-garantie\/"]}]},{"@type":"ImageObject","inLanguage":"fr-BE","@id":"https:\/\/adax.nl\/fr_be\/service-en-garantie\/#primaryimage","url":"https:\/\/adax.nl\/wp-content\/uploads\/2020\/04\/Adax-Neo-WiFi.jpg","contentUrl":"https:\/\/adax.nl\/wp-content\/uploads\/2020\/04\/Adax-Neo-WiFi.jpg"},{"@type":"BreadcrumbList","@id":"https:\/\/adax.nl\/fr_be\/service-en-garantie\/#breadcrumb","itemListElement":[{"@type":"ListItem","position":1,"name":"Home","item":"https:\/\/adax.nl\/fr_be\/"},{"@type":"ListItem","position":2,"name":"Service en garantie"}]},{"@type":"WebSite","@id":"https:\/\/adax.nl\/#website","url":"https:\/\/adax.nl\/","name":"Adax.nl","description":"Adax - Pionier in elektrische verwarming","publisher":{"@id":"https:\/\/adax.nl\/#organization"},"potentialAction":[{"@type":"SearchAction","target":{"@type":"EntryPoint","urlTemplate":"https:\/\/adax.nl\/?s={search_term_string}"},"query-input":{"@type":"PropertyValueSpecification","valueRequired":true,"valueName":"search_term_string"}}],"inLanguage":"fr-BE"},{"@type":"Organization","@id":"https:\/\/adax.nl\/#organization","name":"Adax.nl","url":"https:\/\/adax.nl\/","logo":{"@type":"ImageObject","inLanguage":"fr-BE","@id":"https:\/\/adax.nl\/#\/schema\/logo\/image\/","url":"https:\/\/adax.nl\/wp-content\/uploads\/2020\/04\/cropped-logo.png","contentUrl":"https:\/\/adax.nl\/wp-content\/uploads\/2020\/04\/cropped-logo.png","width":488,"height":66,"caption":"Adax.nl"},"image":{"@id":"https:\/\/adax.nl\/#\/schema\/logo\/image\/"}}]}},"_links":{"self":[{"href":"https:\/\/adax.nl\/fr_be\/wp-json\/wp\/v2\/pages\/268","targetHints":{"allow":["GET"]}}],"collection":[{"href":"https:\/\/adax.nl\/fr_be\/wp-json\/wp\/v2\/pages"}],"about":[{"href":"https:\/\/adax.nl\/fr_be\/wp-json\/wp\/v2\/types\/page"}],"author":[{"embeddable":true,"href":"https:\/\/adax.nl\/fr_be\/wp-json\/wp\/v2\/users\/1"}],"replies":[{"embeddable":true,"href":"https:\/\/adax.nl\/fr_be\/wp-json\/wp\/v2\/comments?post=268"}],"version-history":[{"count":15,"href":"https:\/\/adax.nl\/fr_be\/wp-json\/wp\/v2\/pages\/268\/revisions"}],"predecessor-version":[{"id":1058,"href":"https:\/\/adax.nl\/fr_be\/wp-json\/wp\/v2\/pages\/268\/revisions\/1058"}],"wp:attachment":[{"href":"https:\/\/adax.nl\/fr_be\/wp-json\/wp\/v2\/media?parent=268"}],"curies":[{"name":"wp","href":"https:\/\/api.w.org\/{rel}","templated":true}]}}